{"id":128,"date":"2023-06-07T21:22:33","date_gmt":"2023-06-07T21:22:33","guid":{"rendered":"http:\/\/193.194.89.193\/wp_lreau\/?page_id=128"},"modified":"2024-03-07T10:44:53","modified_gmt":"2024-03-07T10:44:53","slug":"equipe-de-recherche","status":"publish","type":"page","link":"https:\/\/lreau.usthb.dz\/index.php\/equipe-de-recherche\/","title":{"rendered":"\u00c9quipes de recherche"},"content":{"rendered":"\n<p>Quatre \u00e9quipes ont pris la forme juridique du LREAU agr\u00e9\u00e9 en janvier 2013. Ce dernier compte aujourd\u2019hui un effectif global de 32 chercheurs dont 11 enseignants-chercheurs de rang magistral, 13 enseignants-chercheurs en formation doctorale (ma\u00eetres assistants) et 24 \u00e9tudiants en doctorat.<\/p>\n","protected":false},"excerpt":{"rendered":"<p>Quatre \u00e9quipes ont pris la forme juridique du LREAU agr\u00e9\u00e9 en janvier 2013. Ce dernier compte aujourd\u2019hui un effectif global de 32 chercheurs dont 11 enseignants-chercheurs de rang magistral, 13 enseignants-chercheurs en formation doctorale (ma\u00eetres assistants) et 24 \u00e9tudiants en <span class=\"readmore\"><a href=\"https:\/\/lreau.usthb.dz\/index.php\/equipe-de-recherche\/\">Continue Reading<\/a><\/span><\/p>\n","protected":false},"author":1,"featured_media":0,"parent":0,"menu_order":0,"comment_status":"closed","ping_status":"closed","template":"","meta":{"two_page_speed":[],"footnotes":""},"class_list":["post-128","page","type-page","status-publish","hentry"],"_links":{"self":[{"href":"https:\/\/lreau.usthb.dz\/index.php\/wp-json\/wp\/v2\/pages\/128","targetHints":{"allow":["GET"]}}],"collection":[{"href":"https:\/\/lreau.usthb.dz\/index.php\/wp-json\/wp\/v2\/pages"}],"about":[{"href":"https:\/\/lreau.usthb.dz\/index.php\/wp-json\/wp\/v2\/types\/page"}],"author":[{"embeddable":true,"href":"https:\/\/lreau.usthb.dz\/index.php\/wp-json\/wp\/v2\/users\/1"}],"replies":[{"embeddable":true,"href":"https:\/\/lreau.usthb.dz\/index.php\/wp-json\/wp\/v2\/comments?post=128"}],"version-history":[{"count":5,"href":"https:\/\/lreau.usthb.dz\/index.php\/wp-json\/wp\/v2\/pages\/128\/revisions"}],"predecessor-version":[{"id":187,"href":"https:\/\/lreau.usthb.dz\/index.php\/wp-json\/wp\/v2\/pages\/128\/revisions\/187"}],"wp:attachment":[{"href":"https:\/\/lreau.usthb.dz\/index.php\/wp-json\/wp\/v2\/media?parent=128"}],"curies":[{"name":"wp","href":"https:\/\/api.w.org\/{rel}","templated":true}]}}