{"id":132,"date":"2023-06-07T21:23:39","date_gmt":"2023-06-07T21:23:39","guid":{"rendered":"http:\/\/193.194.89.193\/wp_lreau\/?page_id=132"},"modified":"2024-05-08T10:59:13","modified_gmt":"2024-05-08T10:59:13","slug":"equipe-2","status":"publish","type":"page","link":"https:\/\/lreau.usthb.dz\/index.php\/equipe-de-recherche\/equipe-2\/","title":{"rendered":"\u00c9quipe 2"},"content":{"rendered":"\n<p><strong>Risques Climatiques Dans les Milieux Urbains (RCMU)<\/strong><\/p>\n\n\n\n<h3 class=\"wp-block-heading\">MEMBRES<\/h3>\n\n\n\n<p><strong>Chef d\u2019\u00e9quipe&nbsp;:<\/strong>&nbsp;Professeur Sofiane LABAR<\/p>\n\n\n\n<figure class=\"wp-block-table has-small-font-size\"><table><thead><tr><th><strong>Nom<\/strong><\/th><th><strong>Pr\u00e9nom<\/strong><\/th><th>Dipl\u00f4me<\/th><th><strong>Grade<\/strong><\/th><th>S<strong>p\u00e9cialit\u00e9<\/strong><\/th><\/tr><\/thead><tbody><tr><td>LABAR<\/td><td>Sofiane<\/td><td><\/td><td>Pr.<\/td><td><\/td><\/tr><tr><td>MEGA<\/td><td>Nabil<\/td><td><\/td><td><\/td><td><\/td><\/tr><tr><td><\/td><td><\/td><td><\/td><td><\/td><td><\/td><\/tr><tr><td><\/td><td><\/td><td><\/td><td><\/td><td><\/td><\/tr><tr><td><\/td><td><\/td><td><\/td><td><\/td><td><\/td><\/tr><\/tbody><\/table><\/figure>\n","protected":false},"excerpt":{"rendered":"<p>Risques Climatiques Dans les Milieux Urbains (RCMU) MEMBRES Chef d\u2019\u00e9quipe&nbsp;:&nbsp;Professeur Sofiane LABAR Nom Pr\u00e9nom Dipl\u00f4me Grade Sp\u00e9cialit\u00e9 LABAR Sofiane Pr. MEGA Nabil<\/p>\n","protected":false},"author":1,"featured_media":0,"parent":128,"menu_order":0,"comment_status":"closed","ping_status":"closed","template":"","meta":{"two_page_speed":[],"footnotes":""},"class_list":["post-132","page","type-page","status-publish","hentry"],"_links":{"self":[{"href":"https:\/\/lreau.usthb.dz\/index.php\/wp-json\/wp\/v2\/pages\/132","targetHints":{"allow":["GET"]}}],"collection":[{"href":"https:\/\/lreau.usthb.dz\/index.php\/wp-json\/wp\/v2\/pages"}],"about":[{"href":"https:\/\/lreau.usthb.dz\/index.php\/wp-json\/wp\/v2\/types\/page"}],"author":[{"embeddable":true,"href":"https:\/\/lreau.usthb.dz\/index.php\/wp-json\/wp\/v2\/users\/1"}],"replies":[{"embeddable":true,"href":"https:\/\/lreau.usthb.dz\/index.php\/wp-json\/wp\/v2\/comments?post=132"}],"version-history":[{"count":11,"href":"https:\/\/lreau.usthb.dz\/index.php\/wp-json\/wp\/v2\/pages\/132\/revisions"}],"predecessor-version":[{"id":518,"href":"https:\/\/lreau.usthb.dz\/index.php\/wp-json\/wp\/v2\/pages\/132\/revisions\/518"}],"up":[{"embeddable":true,"href":"https:\/\/lreau.usthb.dz\/index.php\/wp-json\/wp\/v2\/pages\/128"}],"wp:attachment":[{"href":"https:\/\/lreau.usthb.dz\/index.php\/wp-json\/wp\/v2\/media?parent=132"}],"curies":[{"name":"wp","href":"https:\/\/api.w.org\/{rel}","templated":true}]}}