{"id":134,"date":"2023-06-07T21:24:01","date_gmt":"2023-06-07T21:24:01","guid":{"rendered":"http:\/\/193.194.89.193\/wp_lreau\/?page_id=134"},"modified":"2024-05-08T11:00:10","modified_gmt":"2024-05-08T11:00:10","slug":"equipe-3","status":"publish","type":"page","link":"https:\/\/lreau.usthb.dz\/index.php\/equipe-de-recherche\/equipe-3\/","title":{"rendered":"\u00c9quipe 3"},"content":{"rendered":"\n<p><strong>Les villes comp\u00e9titivit\u00e9 (VICO)<\/strong><\/p>\n\n\n\n<h3 class=\"wp-block-heading\">MEMBRES<\/h3>\n\n\n\n<p><strong>Chef d\u2019\u00e9quipe&nbsp;:<\/strong>&nbsp;Professeur Leila ABBAS<\/p>\n\n\n\n<figure class=\"wp-block-table has-small-font-size\"><table><thead><tr><th><strong>Nom<\/strong><\/th><th><strong>Pr\u00e9nom<\/strong><\/th><th><strong>Dipl\u00f4me<\/strong><\/th><th>G<strong>rade<\/strong><\/th><th><strong>Sp\u00e9cialit\u00e9<\/strong><\/th><\/tr><\/thead><tbody><tr><td>ABBAS<\/td><td>Le<strong>i<\/strong>la<\/td><td><\/td><td>Pr.<\/td><td><\/td><\/tr><tr><td><\/td><td><\/td><td><\/td><td><\/td><td><\/td><\/tr><tr><td><\/td><td><\/td><td><\/td><td><\/td><td><\/td><\/tr><tr><td><\/td><td><\/td><td><\/td><td><\/td><td><\/td><\/tr><\/tbody><\/table><\/figure>\n","protected":false},"excerpt":{"rendered":"<p>Les villes comp\u00e9titivit\u00e9 (VICO) MEMBRES Chef d\u2019\u00e9quipe&nbsp;:&nbsp;Professeur Leila ABBAS Nom Pr\u00e9nom Dipl\u00f4me Grade Sp\u00e9cialit\u00e9 ABBAS Leila Pr.<\/p>\n","protected":false},"author":1,"featured_media":0,"parent":128,"menu_order":0,"comment_status":"closed","ping_status":"closed","template":"","meta":{"two_page_speed":[],"footnotes":""},"class_list":["post-134","page","type-page","status-publish","hentry"],"_links":{"self":[{"href":"https:\/\/lreau.usthb.dz\/index.php\/wp-json\/wp\/v2\/pages\/134","targetHints":{"allow":["GET"]}}],"collection":[{"href":"https:\/\/lreau.usthb.dz\/index.php\/wp-json\/wp\/v2\/pages"}],"about":[{"href":"https:\/\/lreau.usthb.dz\/index.php\/wp-json\/wp\/v2\/types\/page"}],"author":[{"embeddable":true,"href":"https:\/\/lreau.usthb.dz\/index.php\/wp-json\/wp\/v2\/users\/1"}],"replies":[{"embeddable":true,"href":"https:\/\/lreau.usthb.dz\/index.php\/wp-json\/wp\/v2\/comments?post=134"}],"version-history":[{"count":12,"href":"https:\/\/lreau.usthb.dz\/index.php\/wp-json\/wp\/v2\/pages\/134\/revisions"}],"predecessor-version":[{"id":519,"href":"https:\/\/lreau.usthb.dz\/index.php\/wp-json\/wp\/v2\/pages\/134\/revisions\/519"}],"up":[{"embeddable":true,"href":"https:\/\/lreau.usthb.dz\/index.php\/wp-json\/wp\/v2\/pages\/128"}],"wp:attachment":[{"href":"https:\/\/lreau.usthb.dz\/index.php\/wp-json\/wp\/v2\/media?parent=134"}],"curies":[{"name":"wp","href":"https:\/\/api.w.org\/{rel}","templated":true}]}}