{"id":183,"date":"2024-03-07T10:48:12","date_gmt":"2024-03-07T10:48:12","guid":{"rendered":"https:\/\/lreau.usthb.dz\/?page_id=183"},"modified":"2024-04-30T09:12:20","modified_gmt":"2024-04-30T09:12:20","slug":"theses","status":"publish","type":"page","link":"https:\/\/lreau.usthb.dz\/index.php\/theses\/","title":{"rendered":"Th\u00e8ses"},"content":{"rendered":"\n<ul class=\"wp-block-list\">\n<li>BAOUALI Ratiba, USTHB, FSTGAT,\u00a0Sp\u00e9cialit\u00e9 Am\u00e9nagement Urbain, \u00ab\u00a0Facteurs de d\u00e9veloppement du tourisme durable en Alg\u00e9rie de la planification \u00e0 long terme au management strat\u00e9gique\u00a0\u00bb, soutenue le 07-10-2019.<\/li>\n\n\n\n<li>CHENNIKI Karim, USTHB, FSTGAT,\u00a0sp\u00e9cialit\u00e9\u00a0: Am\u00e9nagement et Urbanisme, sous le th\u00e8me\u00a0: \u00ab\u00a0L\u2019am\u00e9nagement des waterproofs, crit\u00e8res et grille d\u2019\u00e9valuation\u00a0: cas de la baie d\u2019Alger \u00bb.\u00a0 Soutenue le 20 d\u00e9cembre 2020.<\/li>\n\n\n\n<li>MOUDJARI Messaoud, \u00c9cole polytechnique d\u2019architecture et d\u2019urbanisme EPAU, sous le th\u00e8me de\u00a0: \u00ab Projet urbain \u00bb, r\u00e9f\u00e9rentiel d\u2019une d\u00e9marche syst\u00e9mique dans l\u2019\u00e9coconception de projet m\u00e9tropolitain durable : cas de la transposition de m\u00e9thode AEU 2 sur l\u2019outil g\u00e9n\u00e9rique de transport PLU, de la ville de Constantine\u00a0\u00bb. Soutenue le 21 d\u00e9cembre 2020.<\/li>\n\n\n\n<li>BOUHELOUF Yasmine\u00a0: \u00ab\u00a0Les strat\u00e9gies de d\u00e9veloppement de la ville portuaire de Jijel: entre attractivit\u00e9 et processus de m\u00e9tropolisation\u00a0\u00bb. Soutenu \u00e0 l\u2019USTHB, FSTGAT, le 15-07- 2020.<\/li>\n\n\n\n<li>KEBAILI FERIAL\u00a0\u00abCharacterization and Planning of Household Waste Management: A Case Study from the MENA Region\u00a0\u00bb mai 2022.\u00a0<\/li>\n\n\n\n<li>BOUZID Djamel \u2013 Impact des activit\u00e9s commerciales sur le d\u00e9veloppement urbain des villes telliennes: cas de la ville de Bouira, 2020.<\/li>\n<\/ul>\n","protected":false},"excerpt":{"rendered":"","protected":false},"author":1,"featured_media":0,"parent":0,"menu_order":0,"comment_status":"closed","ping_status":"closed","template":"","meta":{"two_page_speed":[],"footnotes":""},"class_list":["post-183","page","type-page","status-publish","hentry"],"_links":{"self":[{"href":"https:\/\/lreau.usthb.dz\/index.php\/wp-json\/wp\/v2\/pages\/183","targetHints":{"allow":["GET"]}}],"collection":[{"href":"https:\/\/lreau.usthb.dz\/index.php\/wp-json\/wp\/v2\/pages"}],"about":[{"href":"https:\/\/lreau.usthb.dz\/index.php\/wp-json\/wp\/v2\/types\/page"}],"author":[{"embeddable":true,"href":"https:\/\/lreau.usthb.dz\/index.php\/wp-json\/wp\/v2\/users\/1"}],"replies":[{"embeddable":true,"href":"https:\/\/lreau.usthb.dz\/index.php\/wp-json\/wp\/v2\/comments?post=183"}],"version-history":[{"count":3,"href":"https:\/\/lreau.usthb.dz\/index.php\/wp-json\/wp\/v2\/pages\/183\/revisions"}],"predecessor-version":[{"id":494,"href":"https:\/\/lreau.usthb.dz\/index.php\/wp-json\/wp\/v2\/pages\/183\/revisions\/494"}],"wp:attachment":[{"href":"https:\/\/lreau.usthb.dz\/index.php\/wp-json\/wp\/v2\/media?parent=183"}],"curies":[{"name":"wp","href":"https:\/\/api.w.org\/{rel}","templated":true}]}}