{"id":195,"date":"2024-03-07T10:47:49","date_gmt":"2024-03-07T10:47:49","guid":{"rendered":"https:\/\/lreau.usthb.dz\/?page_id=195"},"modified":"2024-04-30T09:10:36","modified_gmt":"2024-04-30T09:10:36","slug":"communications","status":"publish","type":"page","link":"https:\/\/lreau.usthb.dz\/index.php\/communications\/","title":{"rendered":"Communications"},"content":{"rendered":"\n<ul class=\"wp-block-list\">\n<li>ABBAS-MANSOUR Leila \u201cAwareness of the importance of the city and urban issues in the process of global and local sustainable development\u201d, 09 September 2020. http:\/\/www.ens-lyon.fr\u00a0\u203a.<\/li>\n\n\n\n<li>ABBAS-MANSOUR Leila &amp;BAZIZ BERKANI AMEL, in Fourth International Architectural Conservation Conference and Exhibition 2016: Sustainable Heritage: Global Vision Local Experiences. <a href=\"http:\/\/www.dm.gov.ae\/\" target=\"_blank\" rel=\"noreferrer noopener\">www.dm.gov.ae<\/a>, <a href=\"http:\/\/ahconference.ae\/\">http:\/\/ahconference.ae\/<\/a><\/li>\n\n\n\n<li>ABBAS-MANSOUR Leila, La gestion urbaine int\u00e9gr\u00e9e du patrimoine urbain en p\u00e9riode de crise (s\u00e9isme de 2003 \u00e0 Alger) l\u2019exp\u00e9rience du maitre d\u2019ouvrage, maitre d\u2019\u0153uvre et des collectivit\u00e9s locales, Colloque international sur le th\u00e8me\u00a0\u00ab\u00a0D\u00e9fis et perspectives de l\u2019habitat en Alg\u00e9rie\u00a0: comprendre pour mieux agir, 19et 20 novembre2014, EPAU.<\/li>\n\n\n\n<li>ABBAS-MANSOUR Leila &amp; BAZIZ BERKANI AMEL, L\u2019urbain et le rural\u00a0: des territoires distincts et proches entre opposition et compl\u00e9mentarit\u00e9, cas d\u2019Alger, Colloque\u00a0: Villes et campagnes en relations : regards crois\u00e9s Nords-Suds, Colloque organis\u00e9 par le groupe de travail &#8221; Nouvelles dynamiques des relations villes-campagnes&#8221; du Labex Dynamite, 9-11 juin 2015, AGROTECH -Paris, France.<\/li>\n\n\n\n<li>ABBAS-MANSOUR Leila, Caract\u00e9ristiques des milieux nouveaux \u00e0 habiter\u00a0: qualit\u00e9 et degr\u00e9 d\u2019int\u00e9gration urbaine des cit\u00e9s d\u2019habitat social collectif en Alg\u00e9rie\u00a0: \u00e9tude de cas, 1er s\u00e9minaire national sur l\u2019Habitat et l\u2019habiter\u00a0: temporalit\u00e9 et durabilit\u00e9, Universit\u00e9 Saad Dahlad Blida 1\u00a0, <img loading=\"lazy\" decoding=\"async\" width=\"91\" height=\"93\" src=\"\"> Institut d\u2019Architecture et d\u2019Urbanisme12-13 juin 2019.<\/li>\n\n\n\n<li>GAOUA FETHI LYDIA&amp; ABBAS-MANSOUR Leila, Le paysage urbain au service de l\u2019attractivit\u00e9\u00a0: cas de la Baie d\u2019Alger. 1er s\u00e9minaire national sur l\u2019attractivit\u00e9 territoriale, universit\u00e9 de Chlef, 16-17-d\u00e9cembre2019.<\/li>\n\n\n\n<li>ABBAS-MANSOUR Leila&amp; BAZIZ BERKANI AMEL, Promotion de la marche \u00e0 pied dans une ville \u00e0 travers l\u2019am\u00e9lioration de la qualit\u00e9 de l\u2019infrastructure pi\u00e9tonne : apports et limites d\u2019une op\u00e9ration d\u2019am\u00e9nagement de l\u2019espace public. Colloque international sur\u00a0: Les dynamiques des recompositions des espaces et de la vie quotidienne dans le processus des urbanisations r\u00e9centes, Universit\u00e9 Larbi ben M\u2019hidi, Oum El Bouaghi, Institut de Gestion des Techniques Urbaines\u2013 GTU. 21 et 22 octobre 2019.<\/li>\n\n\n\n<li>ABBAS-MANSOUR Leila, Colloque en ligne organis\u00e9 sur le th\u00e8me\u00a0: \u00ab\u00a0Habiter ensemble la ville de demain\u00a0\u00bb Universit\u00e9 de Tours, 09 septembre 2020. http:\/\/www.ens-lyon.fr\u00a0\u203a.<\/li>\n\n\n\n<li>HAMOUM Ouarda &amp;ABBAS-MANSOUR Leila, Colloque on line: \u201cAwareness of the importance of the city and urban issues in the process of global and local sustainable development\u201d. International Online Conference \u2018Housing and Identity in the Context of Metropolization International and Innovative, Alger-Berlin, 14 and 15 October 2020, http:\/\/agya.info\u00a0\u203a event \u203a cfp-housin.<\/li>\n\n\n\n<li>ABBAS-MANSOUR Leila, Gouvernance participative et formes d\u2019engagement citoyen dans la prise en charge des probl\u00e8mes urbains\u00a0au niveau des grandes cit\u00e9s d\u2019habitat collectif (ZHUN)\u00a0: cas de la commune de Bab Ezzouar, Colloque international et pluridisciplinaire\u00a0: Soci\u00e9t\u00e9 civile et observation urbaine : production de la connaissance et gouvernance territoriale, Le laboratoire de recherche \u00ab Gouvernance, Ambiance et D\u00e9veloppement des Villes \u00bb GADEV, Carthage-Tunis 24 et 25 Novembre 2021<\/li>\n\n\n\n<li>ABBAS-MANSOUR Leila, L\u2019approche de l\u2019am\u00e9nagement \u00e9cologique et sa mise en \u0153uvre\u00a0: mod\u00e8les et actions \u00e0 travers l\u2019infrastructure \u00e9cologique (trame verte et trame bleue) comme dispositif de planification durable\u00a0dans une ville du sud\u00a0de la M\u00e9diterran\u00e9e: exemple d\u2019Alger, colloque international Tunis, ENAU, 5-6-7 mai 2023.<\/li>\n\n\n\n<li>HAMOUM Ouarda &amp;ABBAS MANSOUR Leila, Vers quelles formes de tourisme urbain pour la ville alg\u00e9rienne? colloque international\u00a0: \u00ab\u00a0La ville et son rapport au tourisme: une opportunit\u00e9 pour la valorisation du d\u00e9veloppement local \u00bb, Universit\u00e9 Larbi Ben M&#8217;Hidi &#8211; Om El Bouaghi, 27 et 28 Septembre 2022<\/li>\n\n\n\n<li>ABBAS-MANSOUR Leila&amp; BAZIZ BERKANI AMEL, Approches de prise en charge de la v\u00e9tust\u00e9 du cadre b\u00e2ti et l\u2019am\u00e9lioration des environnements urbains dans les quartiers anciens de quelques villes du Maghreb : Regards sur l\u2019exp\u00e9rience de la ville d\u2019Alger suite au s\u00e9isme2003, Colloque international\u00a0: Changements environnementaux et espaces urbains littoraux m\u00e9diterran\u00e9ens: qualit\u00e9 de ville, qualit\u00e9 de vie, Universit\u00e9 de Carthage, Tunis, Hammamet le 10, 11 et 12 Novembre 2022<\/li>\n\n\n\n<li>\u0639\u0628\u0627\u0633 \u0645\u0646\u0635\u0648\u0631 \u0644\u064a\u0644\u0649 \u0648\u0644\u0648\u0634\u0627\u062d\u064a \u0646\u0630\u064a\u0631: \u0627\u0644\u0648\u0633\u0627\u0626\u0644 \u0627\u0644\u062d\u062f\u064a\u062b\u0629 \u0644\u0645\u0648\u0627\u062c\u0647\u0629 \u0627\u062e\u0637\u0627\u0631 \u0627\u0644\u0641\u064a\u0636\u0627\u0646\u0627\u062a \u0641\u064a \u0627\u0644\u0627\u0648\u0633\u0627\u0637 \u0627\u0644\u062d\u0636\u0631\u064a\u0629: \u0628\u064a\u0646 \u0627\u0644\u0646\u0638\u0631\u064a \u0648\u0627\u0644\u062a\u0637\u0628\u064a\u0642 \u0627\u0644\u0639\u0645\u0644\u064a:\u00a0\u0627\u0644\u0645\u0644\u062a\u0642\u0649 \u0627\u0644\u0648\u0637\u0646\u064a \u0627\u0644\u062b\u0627\u0646\u064a \u0641\u064a \u0627\u0644\u062c\u063a\u0631\u0627\u0641\u064a\u0627: \u0645\u0648\u0627\u062c\u0647\u0629 \u0627\u0644\u0645\u062e\u0627\u0637\u0631 \u0627\u0644\u0643\u0628\u0631\u0649 \u0641\u064a \u0627\u0644\u062c\u0632\u0627\u0626\u0631 \u0641\u064a \u0638\u0644 \u0627\u0644\u0631\u0647\u0627\u0646\u0627\u062a \u0627\u0644\u0627\u062c\u062a\u0645\u0627\u0639\u064a\u0629 \u0648\u0627\u0644\u0627\u0642\u062a\u0635\u0627\u062f\u064a\u0629 \u0627\u0644\u0645\u0633\u062a\u0642\u0628\u0644\u064a\u0629 \u0627\u0644\u0645\u062f\u0631\u0633\u0629 \u0627\u0644\u0639\u0644\u064a\u0627 \u0644\u0644\u0623\u0633\u0627\u062a\u0630\u0629 \u0628\u0628\u0648\u0632\u0631\u064a\u0639\u0629 \u0627\u0644\u0639\u0627\u0644\u0645\u0629 \u0627\u0644\u0634\u064a\u062e \u0645\u0628\u0627\u0631\u0643 \u0627\u0644\u0645\u064a\u0644\u064a \u0627\u0644\u062c\u0632\u0627\u0626\u0631\u060c 12-12-2022<\/li>\n\n\n\n<li>ABBAS-MANSOUR Leila, From concept to project of Ecological Infrastructure (UEI): integration of approaches and smart urban planning through Digital Mapping applied to case of Algiers, 1er S\u00e9minaire national\u00a0sur la G\u00e9omatique et domaines d\u2019application (SNGDA), le 1er s\u00e9minaire national sur\u00a0la g\u00e9omatique et domaines\u00a0d\u2019application, 11,12, juillet 2023.<\/li>\n\n\n\n<li>ABBAS-MANSOUR Leila &amp;BAZIZ BERKANI AMEL, Rapport des approches de prise en charge de la v\u00e9tust\u00e9 du cadre b\u00e2ti dans les villes alg\u00e9riennes\u00a0\u00e0 la r\u00e9silience urbaine: (regards sur l\u2019exp\u00e9rience de la ville d\u2019Alger), Les g\u00e9orgiques en Alg\u00e9rie\u00a0: pour une meilleure gestion et r\u00e9duction des risques de catastrophe, 6-8 novembre 2022, CRAAG-USTHB-FTGAT.<\/li>\n\n\n\n<li>ABBAS-MANSOUR Leila &amp;OUAZAR Kahina, \u00c9valuation du\u00a0bien-\u00eatre \u00e9nerg\u00e9tique dans le b\u00e2timent \u00e0 travers quelques approches intelligentes du d\u00e9veloppement urbain durable. Etude de cas\u201d S\u00e9minaire international: The city at the heart of sustainability and digital challenges: Perspectives on urban and environmental issues\u00bb. CHSDC 2023. 9 &amp;10 July 2023.http::\/\/sites.google.com\/view\/chsdc2023\/home<\/li>\n<\/ul>\n","protected":false},"excerpt":{"rendered":"","protected":false},"author":1,"featured_media":0,"parent":0,"menu_order":0,"comment_status":"closed","ping_status":"closed","template":"","meta":{"two_page_speed":[],"footnotes":""},"class_list":["post-195","page","type-page","status-publish","hentry"],"_links":{"self":[{"href":"https:\/\/lreau.usthb.dz\/index.php\/wp-json\/wp\/v2\/pages\/195","targetHints":{"allow":["GET"]}}],"collection":[{"href":"https:\/\/lreau.usthb.dz\/index.php\/wp-json\/wp\/v2\/pages"}],"about":[{"href":"https:\/\/lreau.usthb.dz\/index.php\/wp-json\/wp\/v2\/types\/page"}],"author":[{"embeddable":true,"href":"https:\/\/lreau.usthb.dz\/index.php\/wp-json\/wp\/v2\/users\/1"}],"replies":[{"embeddable":true,"href":"https:\/\/lreau.usthb.dz\/index.php\/wp-json\/wp\/v2\/comments?post=195"}],"version-history":[{"count":3,"href":"https:\/\/lreau.usthb.dz\/index.php\/wp-json\/wp\/v2\/pages\/195\/revisions"}],"predecessor-version":[{"id":493,"href":"https:\/\/lreau.usthb.dz\/index.php\/wp-json\/wp\/v2\/pages\/195\/revisions\/493"}],"wp:attachment":[{"href":"https:\/\/lreau.usthb.dz\/index.php\/wp-json\/wp\/v2\/media?parent=195"}],"curies":[{"name":"wp","href":"https:\/\/api.w.org\/{rel}","templated":true}]}}