{"id":217,"date":"2024-03-07T11:03:29","date_gmt":"2024-03-07T11:03:29","guid":{"rendered":"https:\/\/lreau.usthb.dz\/?page_id=217"},"modified":"2024-03-07T11:03:29","modified_gmt":"2024-03-07T11:03:29","slug":"manifestations-scientifiques","status":"publish","type":"page","link":"https:\/\/lreau.usthb.dz\/index.php\/manifestations-scientifiques\/","title":{"rendered":"Manifestations scientifiques"},"content":{"rendered":"\n<p><a href=\"https:\/\/lreau.usthb.dz\/index.php\/congres\/\" data-type=\"page\" data-id=\"216\">Congr\u00e8s<\/a><\/p>\n\n\n\n<p><a href=\"https:\/\/lreau.usthb.dz\/index.php\/seminaires\/\" data-type=\"page\" data-id=\"215\">S\u00e9minaires<\/a><\/p>\n\n\n\n<p><a href=\"https:\/\/lreau.usthb.dz\/index.php\/conferences\/\" data-type=\"page\" data-id=\"222\">Conf\u00e9rences<\/a><\/p>\n","protected":false},"excerpt":{"rendered":"<p>Congr\u00e8s S\u00e9minaires Conf\u00e9rences<\/p>\n","protected":false},"author":1,"featured_media":0,"parent":0,"menu_order":0,"comment_status":"closed","ping_status":"closed","template":"","meta":{"two_page_speed":[],"footnotes":""},"class_list":["post-217","page","type-page","status-publish","hentry"],"_links":{"self":[{"href":"https:\/\/lreau.usthb.dz\/index.php\/wp-json\/wp\/v2\/pages\/217","targetHints":{"allow":["GET"]}}],"collection":[{"href":"https:\/\/lreau.usthb.dz\/index.php\/wp-json\/wp\/v2\/pages"}],"about":[{"href":"https:\/\/lreau.usthb.dz\/index.php\/wp-json\/wp\/v2\/types\/page"}],"author":[{"embeddable":true,"href":"https:\/\/lreau.usthb.dz\/index.php\/wp-json\/wp\/v2\/users\/1"}],"replies":[{"embeddable":true,"href":"https:\/\/lreau.usthb.dz\/index.php\/wp-json\/wp\/v2\/comments?post=217"}],"version-history":[{"count":1,"href":"https:\/\/lreau.usthb.dz\/index.php\/wp-json\/wp\/v2\/pages\/217\/revisions"}],"predecessor-version":[{"id":226,"href":"https:\/\/lreau.usthb.dz\/index.php\/wp-json\/wp\/v2\/pages\/217\/revisions\/226"}],"wp:attachment":[{"href":"https:\/\/lreau.usthb.dz\/index.php\/wp-json\/wp\/v2\/media?parent=217"}],"curies":[{"name":"wp","href":"https:\/\/api.w.org\/{rel}","templated":true}]}}