{"id":333,"date":"2024-04-24T12:00:33","date_gmt":"2024-04-24T12:00:33","guid":{"rendered":"https:\/\/lreau.usthb.dz\/?page_id=333"},"modified":"2024-04-30T09:17:01","modified_gmt":"2024-04-30T09:17:01","slug":"national","status":"publish","type":"page","link":"https:\/\/lreau.usthb.dz\/index.php\/national\/","title":{"rendered":"National"},"content":{"rendered":"\n<p>La forte implication du laboratoire actuel notamment dans la formation par la recherche : pr\u00e9sence en master, qualit\u00e9 de l\u2019accueil et de l\u2019encadrement doctoral, et du soutien aux activit\u00e9s des doctorants. Ces derniers sont int\u00e9gr\u00e9s aux activit\u00e9s du laboratoire comme en t\u00e9moignent leur prise en charge d\u2019un s\u00e9minaire de recherche, ainsi que l\u2019association avec d\u2019autres organismes de recherche et du secteur utilisateur: <strong>CRSTRA-APRUE-SEAAL-AND<\/strong>, avec qui nous avons \u00e9tablis des contrats de coop\u00e9ration sur une p\u00e9riode de quatre ann\u00e9es.<\/p>\n\n\n\n<p>Quant \u00e0 la coop\u00e9ration avec les secteurs socio-\u00e9conomiques en Alg\u00e9rie, le laboratoire a conclu 08 contrats de projets d\u2019assistance technique et conseil entre 2001 et 2023, dont un contrat de march\u00e9. Grace \u00e0 la volont\u00e9 de nos chercheurs am\u00e9nageurs urbanistes, que l\u2019\u00e9quipe d\u2019am\u00e9nagement urbain ait l\u2019acc\u00e8s facile \u00e0 la sph\u00e8re scientifique internationale.<\/p>\n\n\n\n<ul class=\"wp-block-list\">\n<li>Projet d\u2019assistance technique au ma\u00eetre d\u2019ouvrage, faisant l\u2019objet d\u2019un contrat de partenariat entre le LREAU de l\u2019USTHB et la r\u00e9gie fonci\u00e8re de la ville d\u2019Alger pour expertiser des livrables relatives aux travaux de r\u00e9habilitation de l\u2019ancien b\u00e2ti dans toutes les communes de la Wilaya d\u2019Alger.<\/li>\n\n\n\n<li>Projet de partenariat pour une assistance technique et expertise faisant l\u2019objet d\u2019un contrat entre le LREAU de l\u2019USTHB et l\u2019OPGI de Dra El-Beida pour expertiser des livrables relatives aux travaux de r\u00e9habilitation de l\u2019ancien b\u00e2ti dans toutes les communes de la Wilaya d\u2019Alger. \u00a0<\/li>\n\n\n\n<li>Projet pilote entre le LGAT (ancien labo de 2000 \u00e0 2010 de g\u00e9ographie et am\u00e9nagement du territoire de l\u2019USTHB et l\u2019OPGI de Hussein-Dey, faisant l\u2019objet de la convention N\u00b013\/du 07\/07\/ 2007, relative au projet de renouvellement urbain de la zone de Tanger, Alger\u00a0(Zone situ\u00e9e entre la rue Larbi Ben Mhidi et la rue Abane Ramdane), Alger centre.<\/li>\n\n\n\n<li>Projet d\u2019assistance technique et expertise entre le LGAT de l\u2019USTHB et L\u2019APC d\u2019Alger centre, faisant l\u2019objet d\u2019un contrat de march\u00e9 N\u00b0 13\/2013 du 15 janvier 2013 relatif \u00e0 la r\u00e9alisation d\u2019un projet d\u2019expertise et de classification du b\u00e2ti de la commune d\u2019Alger centre.\u00a0<\/li>\n\n\n\n<li>Projet d\u2019assistance technique et expertise entre LGAT de l\u2019USTHB et l\u2019APC de la commune d\u2019Alger centre, faisant l\u2019objet de la convention N\u00b07\/2004 du 07\/12\/ 2014, relative \u00e0 la r\u00e9alisation d\u2019un SIG pour la commune d\u2019Alger centre.<\/li>\n\n\n\n<li>Projet d\u2019assistance technique et expertise entre le LGAT de l\u2019USTHB et l\u2019APC d\u2019Alger centre faisant l\u2019objet de la convention N\u00b010\/2015 du 06\/10\/2020, relative \u00e0 l\u2019\u00e9tude du POS U18 Bellili de la commune d\u2019Alger centre.<\/li>\n\n\n\n<li>Expertise ; Projet de finalisation des \u00e9tudes d\u2019am\u00e9nagement et d\u2019urbanisme de la ville nouvelle de Hassi Messaoud. Pour le compte du ma\u00eetre d\u2019\u0153uvre. Pour le compte de\u00a0: Groupement DONGMYEONG, Bureau d\u2019\u00e9tudes sud-cor\u00e9en<\/li>\n\n\n\n<li>\u00c9tude : Tache 1.3 relative \u00e0 (L\u2019analyse du milieu socio-\u00e9conomique et \u00e9tude de d\u00e9finition des besoins), f\u00e9vrier 2015. Entreprise de la ville nouvelle de Hassi Messaoud (EVNHM),<\/li>\n\n\n\n<li>Etude de l\u2019impact de l\u2019urbanisation sur les communes c\u00f4ti\u00e8res de l\u2019Alg\u00e9rois, 2018. B.E.T WILAYA DE MILA.<\/li>\n<\/ul>\n\n\n\n<p><strong>Conventions r\u00e9centes avec le secteurs utilisateurs et centres de recherche<\/strong><\/p>\n\n\n\n<figure class=\"wp-block-table\"><table><tbody><tr><td><strong>NATURE DE L\u2019ORGANISME<\/strong><\/td><td><strong>ORGANISME<\/strong><\/td><td><strong>CONTRAT<\/strong><\/td><td><strong>DUR\u00c9E<\/strong><\/td><\/tr><tr><td>CENTRE DE RECHERCHE<\/td><td>CRSTRA<\/td><td>COOP\u00c9RATION<\/td><td>4 ANN\u00c9ES<\/td><\/tr><tr><td>SOCIO-ECONOMIQUE<\/td><td>APRUE<\/td><td>RECHERCHE NATIONALE<\/td><td>3 DANS LE CADRE D\u2019UN PNR<\/td><\/tr><tr><td>SOCIO-ECONOMIQUE<\/td><td>SEAAL<\/td><td>COOP\u00c9RATION<\/td><td>4 ANN\u00c9ES<\/td><\/tr><tr><td>SOCIO-ECONOMIQUE<\/td><td>AND<\/td><td>COOP\u00c9RATION<\/td><td>4 ANN\u00c9ES<\/td><\/tr><\/tbody><\/table><\/figure>\n","protected":false},"excerpt":{"rendered":"<p>La forte implication du laboratoire actuel notamment dans la formation par la recherche : pr\u00e9sence en master, qualit\u00e9 de l\u2019accueil et de l\u2019encadrement doctoral, et du soutien aux activit\u00e9s des doctorants. Ces derniers sont int\u00e9gr\u00e9s aux activit\u00e9s du laboratoire comme <span class=\"readmore\"><a href=\"https:\/\/lreau.usthb.dz\/index.php\/national\/\">Continue Reading<\/a><\/span><\/p>\n","protected":false},"author":1,"featured_media":0,"parent":0,"menu_order":0,"comment_status":"closed","ping_status":"closed","template":"","meta":{"two_page_speed":[],"footnotes":""},"class_list":["post-333","page","type-page","status-publish","hentry"],"_links":{"self":[{"href":"https:\/\/lreau.usthb.dz\/index.php\/wp-json\/wp\/v2\/pages\/333","targetHints":{"allow":["GET"]}}],"collection":[{"href":"https:\/\/lreau.usthb.dz\/index.php\/wp-json\/wp\/v2\/pages"}],"about":[{"href":"https:\/\/lreau.usthb.dz\/index.php\/wp-json\/wp\/v2\/types\/page"}],"author":[{"embeddable":true,"href":"https:\/\/lreau.usthb.dz\/index.php\/wp-json\/wp\/v2\/users\/1"}],"replies":[{"embeddable":true,"href":"https:\/\/lreau.usthb.dz\/index.php\/wp-json\/wp\/v2\/comments?post=333"}],"version-history":[{"count":6,"href":"https:\/\/lreau.usthb.dz\/index.php\/wp-json\/wp\/v2\/pages\/333\/revisions"}],"predecessor-version":[{"id":497,"href":"https:\/\/lreau.usthb.dz\/index.php\/wp-json\/wp\/v2\/pages\/333\/revisions\/497"}],"wp:attachment":[{"href":"https:\/\/lreau.usthb.dz\/index.php\/wp-json\/wp\/v2\/media?parent=333"}],"curies":[{"name":"wp","href":"https:\/\/api.w.org\/{rel}","templated":true}]}}