{"id":420,"date":"2024-04-25T11:13:47","date_gmt":"2024-04-25T11:13:47","guid":{"rendered":"https:\/\/lreau.usthb.dz\/?page_id=420"},"modified":"2024-04-30T11:01:09","modified_gmt":"2024-04-30T11:01:09","slug":"collaboration","status":"publish","type":"page","link":"https:\/\/lreau.usthb.dz\/index.php\/collaboration\/","title":{"rendered":"Collaboration"},"content":{"rendered":"\n<p><strong>Collaboration avec des structures universitaires<\/strong><\/p>\n\n\n\n<ul class=\"wp-block-list\">\n<li>\u00c9cole polytechnique d&#8217;architecture et d&#8217;urbanisme, (EPAU,<\/li>\n\n\n\n<li>D\u00e9partement D\u2019architecture et d\u2019urbanisme d\u2019Alger centre.<\/li>\n\n\n\n<li>D\u00e9partement d\u2019architecture \u00e0 l\u2019universit\u00e9 SAAD DAHLEB, Blida.<\/li>\n\n\n\n<li>Institut d\u2019architecture et d\u2019am\u00e9nagement du territoire, universit\u00e9 de SETIF.<\/li>\n\n\n\n<li>Facult\u00e9 de G\u00e9nie civil, USTHB.<\/li>\n\n\n\n<li>\u00c9cole sup\u00e9rieure de Bouzar\u00e9ah, d\u00e9partement de G\u00e9ographie.<\/li>\n\n\n\n<li>Universit\u00e9 d\u2019Oran, institut des sciences de la terre de g\u00e9ographie et am\u00e9nagement du territoire.<\/li>\n\n\n\n<li>Universit\u00e9 de Constantine,&nbsp;institut d\u2019architecture et d\u2019am\u00e9nagement du territoire.<\/li>\n\n\n\n<li>Universit\u00e9 de Batna, institut des techniques urbaines.<\/li>\n\n\n\n<li>Universit\u00e9 d\u2019Annaba, institut d\u2019architecture et d\u2019am\u00e9nagement du territoire.<\/li>\n\n\n\n<li>GTU, Universit\u00e9 d\u2019Oum el Bouaghi.<\/li>\n<\/ul>\n","protected":false},"excerpt":{"rendered":"<p>Collaboration avec des structures universitaires<\/p>\n","protected":false},"author":1,"featured_media":0,"parent":0,"menu_order":0,"comment_status":"closed","ping_status":"closed","template":"","meta":{"two_page_speed":[],"footnotes":""},"class_list":["post-420","page","type-page","status-publish","hentry"],"_links":{"self":[{"href":"https:\/\/lreau.usthb.dz\/index.php\/wp-json\/wp\/v2\/pages\/420","targetHints":{"allow":["GET"]}}],"collection":[{"href":"https:\/\/lreau.usthb.dz\/index.php\/wp-json\/wp\/v2\/pages"}],"about":[{"href":"https:\/\/lreau.usthb.dz\/index.php\/wp-json\/wp\/v2\/types\/page"}],"author":[{"embeddable":true,"href":"https:\/\/lreau.usthb.dz\/index.php\/wp-json\/wp\/v2\/users\/1"}],"replies":[{"embeddable":true,"href":"https:\/\/lreau.usthb.dz\/index.php\/wp-json\/wp\/v2\/comments?post=420"}],"version-history":[{"count":3,"href":"https:\/\/lreau.usthb.dz\/index.php\/wp-json\/wp\/v2\/pages\/420\/revisions"}],"predecessor-version":[{"id":513,"href":"https:\/\/lreau.usthb.dz\/index.php\/wp-json\/wp\/v2\/pages\/420\/revisions\/513"}],"wp:attachment":[{"href":"https:\/\/lreau.usthb.dz\/index.php\/wp-json\/wp\/v2\/media?parent=420"}],"curies":[{"name":"wp","href":"https:\/\/api.w.org\/{rel}","templated":true}]}}